{"id":20,"date":"2020-04-01T19:12:44","date_gmt":"2020-04-01T19:12:44","guid":{"rendered":"https:\/\/mbseidel.de\/?page_id=20"},"modified":"2025-04-24T11:02:14","modified_gmt":"2025-04-24T11:02:14","slug":"impressum","status":"publish","type":"page","link":"https:\/\/mbseidel.de\/?page_id=20","title":{"rendered":"Impressum"},"content":{"rendered":"\n<p><strong>Verantwortlich f\u00fcr den Inhalt gem. \u00a7 18 Abs. 2 MStV<\/strong><\/p>\n\n\n\n<p>Marc-Bj\u00f6rn Seidel &#8211; &#8222;MBS Fotografie&#8220;<br>Barkenhoff 24<br>28832 Achim b. Bremen<br>Deutschland<\/p>\n\n\n\n<p><strong>Kontakt<\/strong><\/p>\n\n\n\n<p>Telefon: +49 4202 9527838<br>E-Mail: xfotografie (a) mbseidel.de <\/p>\n\n\n\n<p>Der Nutzung der im Rahmen der Impressumspflicht ver\u00f6ffentlichten Kontaktdaten durch Dritte zur \u00dcbersendung von nicht ausdr\u00fccklich angeforderter Werbung und Informationsmaterialien wird hiermit ausdr\u00fccklich widersprochen. Die Betreiber der Seiten behalten sich ausdr\u00fccklich rechtliche Schritte im Falle der unverlangten Zusendung von Werbeinformationen, etwa durch Spam-Mails, vor.<\/p>\n","protected":false},"excerpt":{"rendered":"<p>Verantwortlich f\u00fcr den Inhalt gem. \u00a7 18 Abs. 2 MStV Marc-Bj\u00f6rn Seidel &#8211; &#8222;MBS Fotografie&#8220;Barkenhoff 2428832 Achim b. BremenDeutschland Kontakt Telefon: +49 4202 9527838E-Mail: xfotografie &hellip;<\/p>\n","protected":false},"author":1,"featured_media":0,"parent":0,"menu_order":0,"comment_status":"closed","ping_status":"closed","template":"","meta":{"footnotes":""},"class_list":["post-20","page","type-page","status-publish","hentry"],"_links":{"self":[{"href":"https:\/\/mbseidel.de\/index.php?rest_route=\/wp\/v2\/pages\/20","targetHints":{"allow":["GET"]}}],"collection":[{"href":"https:\/\/mbseidel.de\/index.php?rest_route=\/wp\/v2\/pages"}],"about":[{"href":"https:\/\/mbseidel.de\/index.php?rest_route=\/wp\/v2\/types\/page"}],"author":[{"embeddable":true,"href":"https:\/\/mbseidel.de\/index.php?rest_route=\/wp\/v2\/users\/1"}],"replies":[{"embeddable":true,"href":"https:\/\/mbseidel.de\/index.php?rest_route=%2Fwp%2Fv2%2Fcomments&post=20"}],"version-history":[{"count":2,"href":"https:\/\/mbseidel.de\/index.php?rest_route=\/wp\/v2\/pages\/20\/revisions"}],"predecessor-version":[{"id":27,"href":"https:\/\/mbseidel.de\/index.php?rest_route=\/wp\/v2\/pages\/20\/revisions\/27"}],"wp:attachment":[{"href":"https:\/\/mbseidel.de\/index.php?rest_route=%2Fwp%2Fv2%2Fmedia&parent=20"}],"curies":[{"name":"wp","href":"https:\/\/api.w.org\/{rel}","templated":true}]}}