{"id":3,"date":"2020-04-01T06:36:23","date_gmt":"2020-04-01T06:36:23","guid":{"rendered":"https:\/\/mbseidel.de\/?page_id=3"},"modified":"2021-01-13T19:17:11","modified_gmt":"2021-01-13T19:17:11","slug":"privacy-policy","status":"publish","type":"page","link":"https:\/\/mbseidel.de\/?page_id=3","title":{"rendered":"Datenschutz &#038; Rechtliches"},"content":{"rendered":"\n<h1 class=\"wp-block-heading\">Datenschutzerkl\u00e4rung<\/h1>\n\n\n\n<p>MBS Fotografie behandelt personenbezogene Daten vertraulich und gem\u00e4\u00df den gesetzlichen Datenschutzbestimmungen, d.h. im Einklang mit der EU-DSGVO und dem BDSG. Eine Nutzung unserer Internetseiten ist grunds\u00e4tzlich ohne jede Angabe personenbezogener Daten m\u00f6glich. Sofern Sie uns Daten zur Verf\u00fcgung stellen, z.B. im Formular zur Kontaktaufnahme oder anderen interaktiven Formularen auf unseren Seiten (beispielsweise Name und Vorname, Anschrift oder E-Mail-Adresse) erfolgt dies freiwillig. Die dann erhobenen Daten werden nicht an Dritte weitergegeben.<br><br>MBS Fotografie hat technische und organisatorische Ma\u00dfnahmen umgesetzt, um einen m\u00f6glichst l\u00fcckenlosen Schutz der \u00fcber diese Internetseite verarbeiteten personenbezogenen Daten sicherzustellen: Zum Beispiel verwenden wir f\u00fcr unsere Website wir eine Zertifikat-basierte SSL-Verschl\u00fcsselung, die verhindert, dass Dritte die Kommunikation und die damit \u00fcbermittelten Daten mitlesen k\u00f6nnen. Dennoch kann jede internetbasierte Daten\u00fcbertragung grunds\u00e4tzlich Sicherheitsl\u00fccken aufweisen, sodass kein absoluter 100%-Schutz gew\u00e4hrleistet werden kann. Ein Teil der Kommunikation findet immer auf Systemen statt, die au\u00dferhalb der Kontrolle von MBS Fotografie stehen. Aus diesem Grund steht es jeder betroffenen Person frei, personenbezogene Daten auch auf alternativen Wegen, beispielsweise telefonisch oder per Briefpost, an uns zu \u00fcbermitteln, wenn die Person dieses Risiko ausschlie\u00dfen m\u00f6chte.<\/p>\n\n\n\n<h3 class=\"wp-block-heading\">Server-Logs<\/h3>\n\n\n\n<p>Serverseitig werden mit jedem Aufruf der Internetseite durch eine betroffene Person oder ein automatisiertes System allgemeine Daten und Informationen erfasst. Diese allgemeinen Daten und Informationen werden in den Logfiles des Servers gespeichert und sind unter anderem notwendig, um Fehlersituationen oder rechtswidriges Verhalten pr\u00fcfen zu k\u00f6nnen.<br>Erfasst werden k\u00f6nnen<\/p>\n\n\n\n<ul class=\"wp-block-list\"><li>das vom zugreifenden System eingesetzte Betriebssystem,<\/li><li>verwendete Browsertypen und Versionen,<\/li><li>das Datum und die Uhrzeit eines Zugriffs auf die Internetseite,<\/li><li>die Unterwebseiten, welche \u00fcber ein zugreifendes System auf unserer Internetseite angesteuert werden,<\/li><li>die Internet-Protokoll-Adresse (IP-Adresse),<\/li><li>der Internet-Service-Provider des zugreifenden Systems und<\/li><li>die sogenannter Referrer-URL, dass ist die Internetseite, von welcher ein zugreifendes System auf unsere Internetseite gelangt,<\/li><li>sonstige \u00e4hnliche Daten und Informationen, die der Gefahrenabwehr im Falle von Angriffen auf unsere informationstechnologischen Systeme dienen.<\/li><\/ul>\n\n\n\n<p>Bei der Nutzung dieser allgemeinen Daten und Informationen kann MBS Fotografie keine R\u00fcckschl\u00fcsse auf die betroffene Person ziehen.<\/p>\n\n\n\n<h3 class=\"wp-block-heading\">Kontaktm\u00f6glichkeit \u00fcber die Internetseite<\/h3>\n\n\n\n<p>Wir bieten die M\u00f6glichkeit mit Hilfe von Kontaktformularen (Anfragen, Auftr\u00e4ge, etc.) mit uns in Verbindung zu treten. Diese Formulare enthalten Felder zur Erfassung personenbezogener Daten wie z.B. Vorname, Nachname oder E-Mail-Adresse. Besonders sensible Informationen wie z.B. Gesundheitsdaten, Religionszugeh\u00f6rigkeit, o.\u00e4. werden grunds\u00e4tzlich nicht erhoben. Die erhobenen Daten werden bei uns in einer Datenbank erfasst um Ihre Anfrage beantworten zu k\u00f6nnen und die Kontaktinformationen f\u00fcr die gesch\u00e4ftliche Kommunikation nutzen zu k\u00f6nnen. Eine Weitergabe dieser Daten an Dritte erfolgt nicht.<\/p>\n\n\n\n<h3 class=\"wp-block-heading\">Recht der betroffenen Personen<\/h3>\n\n\n\n<p>Sowohl betroffenen Personen als auch Firmen haben das Recht, jederzeit von uns Auskunft \u00fcber die bei uns gespeicherten personenbezogenen Daten, deren Herkunft, dem Grund und der Rechtsgrundlage der Speicherung zu erhalten. Neben dem Auskunftsrecht besteht jederzeit das Recht, die Daten l\u00f6schen oder korrigieren\/berichtigen zu lassen. Eine L\u00f6schung ist M\u00f6glich, sofern keine gesetzlichen Regelungen (z.B. HGB, AO) die Aufbewahrung der Daten fordern und soweit rechtm\u00e4\u00dfig erhobene Daten nicht aus Beweissicherungs- oder anderen berechtigten und begr\u00fcndbaren Dokumentationsgr\u00fcnden aufzubewahren sind, bis diese rechtliche Grundlage erloschen ist. Zur Inanspruchnahme kann sich eine betroffene Person jederzeit an einen Mitarbeiter von MBS Fotografie wenden. Die Kontaktadresse ist im Impressum (s.o.) aufgef\u00fchrt.<\/p>\n\n\n\n<p>MBS Fotografie behandelt personenbezogene Daten vertraulich und gem\u00e4\u00df den gesetzlichen Datenschutzbestimmungen, d.h. im Einklang mit der EU-DSGVO und dem BDSG. Eine Nutzung unserer Internetseiten ist grunds\u00e4tzlich ohne jede Angabe personenbezogener Daten m\u00f6glich. Sofern Sie uns Daten zur Verf\u00fcgung stellen, z.B. im Formular zur Kontaktaufnahme oder anderen interaktiven Formularen auf unseren Seiten (beispielsweise Name und Vorname, Anschrift oder E-Mail-Adresse) erfolgt dies freiwillig. Die dann erhobenen Daten werden nicht an Dritte weitergegeben.<br><br>MBS Fotografie hat technische und organisatorische Ma\u00dfnahmen umgesetzt, um einen m\u00f6glichst l\u00fcckenlosen Schutz der \u00fcber diese Internetseite verarbeiteten personenbezogenen Daten sicherzustellen: Zum Beispiel verwenden wir f\u00fcr unsere Website wir eine Zertifikat-basierte SSL-Verschl\u00fcsselung, die verhindert, dass Dritte die Kommunikation und die damit \u00fcbermittelten Daten mitlesen k\u00f6nnen. Dennoch kann jede internetbasierte Daten\u00fcbertragung grunds\u00e4tzlich Sicherheitsl\u00fccken aufweisen, sodass kein absoluter 100%-Schutz gew\u00e4hrleistet werden kann. Ein Teil der Kommunikation findet immer auf Systemen statt, die au\u00dferhalb der Kontrolle von MBS Fotografie stehen. Aus diesem Grund steht es jeder betroffenen Person frei, personenbezogene Daten auch auf alternativen Wegen, beispielsweise telefonisch oder per Briefpost, an uns zu \u00fcbermitteln, wenn die Person dieses Risiko ausschlie\u00dfen m\u00f6chte.<\/p>\n\n\n\n<h3 class=\"wp-block-heading\">Server-Logs<\/h3>\n\n\n\n<p>Serverseitig werden mit jedem Aufruf der Internetseite durch eine betroffene Person oder ein automatisiertes System allgemeine Daten und Informationen erfasst. Diese allgemeinen Daten und Informationen werden in den Logfiles des Servers gespeichert und sind unter anderem notwendig, um Fehlersituationen oder rechtswidriges Verhalten pr\u00fcfen zu k\u00f6nnen.<br>Erfasst werden k\u00f6nnen<\/p>\n\n\n\n<ul class=\"wp-block-list\"><li>das vom zugreifenden System eingesetzte Betriebssystem,<\/li><li>verwendete Browsertypen und Versionen,<\/li><li>das Datum und die Uhrzeit eines Zugriffs auf die Internetseite,<\/li><li>die Unterwebseiten, welche \u00fcber ein zugreifendes System auf unserer Internetseite angesteuert werden,<\/li><li>die Internet-Protokoll-Adresse (IP-Adresse),<\/li><li>der Internet-Service-Provider des zugreifenden Systems und<\/li><li>die sogenannter Referrer-URL, dass ist die Internetseite, von welcher ein zugreifendes System auf unsere Internetseite gelangt,<\/li><li>sonstige \u00e4hnliche Daten und Informationen, die der Gefahrenabwehr im Falle von Angriffen auf unsere informationstechnologischen Systeme dienen.<\/li><\/ul>\n\n\n\n<p>Bei der Nutzung dieser allgemeinen Daten und Informationen kann MBS Fotografie keine R\u00fcckschl\u00fcsse auf die betroffene Person ziehen.<\/p>\n\n\n\n<h3 class=\"wp-block-heading\">Kontaktm\u00f6glichkeit \u00fcber die Internetseite<\/h3>\n\n\n\n<p>Wir bieten die M\u00f6glichkeit mit Hilfe von Kontaktformularen (Anfragen, Auftr\u00e4ge, etc.) mit uns in Verbindung zu treten. Diese Formulare enthalten Felder zur Erfassung personenbezogener Daten wie z.B. Vorname, Nachname oder E-Mail-Adresse. Besonders sensible Informationen wie z.B. Gesundheitsdaten, Religionszugeh\u00f6rigkeit, o.\u00e4. werden grunds\u00e4tzlich nicht erhoben. Die erhobenen Daten werden bei uns in einer Datenbank erfasst um Ihre Anfrage beantworten zu k\u00f6nnen und die Kontaktinformationen f\u00fcr die gesch\u00e4ftliche Kommunikation nutzen zu k\u00f6nnen. Eine Weitergabe dieser Daten an Dritte erfolgt nicht.<\/p>\n\n\n\n<h3 class=\"wp-block-heading\">Recht der betroffenen Personen<\/h3>\n\n\n\n<p>Sowohl betroffenen Personen als auch Firmen haben das Recht, jederzeit von uns Auskunft \u00fcber die bei uns gespeicherten personenbezogenen Daten, deren Herkunft, dem Grund und der Rechtsgrundlage der Speicherung zu erhalten. Neben dem Auskunftsrecht besteht jederzeit das Recht, die Daten l\u00f6schen oder korrigieren\/berichtigen zu lassen. Eine L\u00f6schung ist M\u00f6glich, sofern keine gesetzlichen Regelungen (z.B. HGB, AO) die Aufbewahrung der Daten fordern und soweit rechtm\u00e4\u00dfig erhobene Daten nicht aus Beweissicherungs- oder anderen berechtigten und begr\u00fcndbaren Dokumentationsgr\u00fcnden aufzubewahren sind, bis diese rechtliche Grundlage erloschen ist. Zur Inanspruchnahme kann sich eine betroffene Person jederzeit an einen Mitarbeiter von MBS Fotografie wenden. Die Kontaktadresse ist im Impressum (s.o.) aufgef\u00fchrt.<\/p>\n\n\n\n<p><\/p>\n\n\n\n<p><\/p>\n\n\n\n<p class=\"has-larger-font-size\">Haftungsausschluss<\/p>\n\n\n\n<p><strong>Haftung f\u00fcr Inhalte<\/strong><\/p>\n\n\n\n<p>Die Inhalte unserer Seiten wurden mit gr\u00f6\u00dfter Sorgfalt erstellt. F\u00fcr die Richtigkeit, Vollst\u00e4ndigkeit und Aktualit\u00e4t der Inhalte k\u00f6nnen wir jedoch keine Gew\u00e4hr \u00fcbernehmen. Als Diensteanbieter sind wir gem\u00e4\u00df \u00a7 7 Abs.1 TMG f\u00fcr eigene Inhalte auf diesen Seiten nach den allgemeinen Gesetzen verantwortlich. Nach \u00a7\u00a7 8 bis 10 TMG sind wir als Diensteanbieter jedoch nicht verpflichtet, \u00fcbermittelte oder gespeicherte fremde Informationen zu \u00fcberwachen oder nach Umst\u00e4nden zu forschen, die auf eine rechtswidrige T\u00e4tigkeit hinweisen. Verpflichtungen zur Entfernung oder Sperrung der Nutzung von Informationen nach den allgemeinen Gesetzen bleiben hiervon unber\u00fchrt. Eine diesbez\u00fcgliche Haftung ist jedoch erst ab dem Zeitpunkt der Kenntnis einer konkreten Rechtsverletzung m\u00f6glich. Bei Bekanntwerden von entsprechenden Rechtsverletzungen werden wir diese Inhalte umgehend entfernen.<\/p>\n\n\n\n<p><strong>Haftung f\u00fcr Links<\/strong><\/p>\n\n\n\n<p>Unser Angebot enth\u00e4lt Links zu externen Webseiten Dritter, auf deren Inhalte wir keinen Einfluss haben. Deshalb k\u00f6nnen wir f\u00fcr diese fremden Inhalte auch keine Gew\u00e4hr \u00fcbernehmen. F\u00fcr die Inhalte der verlinkten Seiten ist stets der jeweilige Anbieter oder Betreiber der Seiten verantwortlich. Die verlinkten Seiten wurden zum Zeitpunkt der Verlinkung auf m\u00f6gliche Rechtsverst\u00f6\u00dfe \u00fcberpr\u00fcft. Zum Zeitpunkt der Verlinkung waren keine rechtswidrigen Inhalte erkennbar. Eine permanente inhaltliche Kontrolle der verlinkten Seiten ist jedoch ohne konkrete Anhaltspunkte einer Rechtsverletzung nicht zumutbar. Bei Bekanntwerden von Rechtsverletzungen werden wir derartige Links umgehend entfernen.<\/p>\n\n\n\n<p><strong>Urheberrecht<\/strong><\/p>\n\n\n\n<p>Die durch die Seitenbetreiber erstellten Inhalte und Werke auf diesen Seiten unterliegen dem deutschen Urheberrecht. Die Vervielf\u00e4ltigung, Bearbeitung, Verbreitung und jede Art der Verwertung au\u00dferhalb der Grenzen des Urheberrechtes bed\u00fcrfen der schriftlichen Zustimmung des jeweiligen Autors bzw. Erstellers. Downloads und Kopien dieser Seite sind nur f\u00fcr den privaten, nicht kommerziellen Gebrauch gestattet. Soweit die Inhalte auf dieser Seite nicht vom Betreiber erstellt wurden, werden die Urheberrechte Dritter beachtet. Insbesondere werden Inhalte Dritter als solche gekennzeichnet. Sollten Sie trotzdem auf eine Urheberrechtsverletzung aufmerksam werden, bitten wir um einen entsprechenden Hinweis. Bei Bekanntwerden von Rechtsverletzungen werden wir derartige Inhalte umgehend entfernen.<\/p>\n\n\n\n<p><strong>Datenschutz<\/strong><\/p>\n\n\n\n<p>Die Nutzung unserer Webseite ist in der Regel ohne Angabe personenbezogener Daten m\u00f6glich. Soweit auf unseren Seiten personenbezogene Daten (beispielsweise Name, Anschrift oder eMail-Adressen) erhoben werden, erfolgt dies stets auf freiwilliger Basis. Diese Daten werden ohne Ihre ausdr\u00fcckliche Zustimmung nicht an Dritte weitergegeben. Gerne d\u00fcrfen Sie dar\u00fcber hinaus alternative Kommunikationswege (z.B. den Postweg) verwenden. Wir weisen darauf hin, dass die Daten\u00fcbertragung im Internet (z.B. bei der Kommunikation per E-Mail) Sicherheitsl\u00fccken aufweisen kann. Ein l\u00fcckenloser Schutz der Daten vor dem Zugriff durch Dritte (unter Umst\u00e4nden z.B. von Ihrem Mail-Client zu Ihrem E-Mail-Provider-Server) ist nicht m\u00f6glich.<\/p>\n\n\n\n<p>Bitte beachten Sie die ausf\u00fchrliche Datenschutzerkl\u00e4rung zur EU-DSGVO.<\/p>\n\n\n\n<p><\/p>\n","protected":false},"excerpt":{"rendered":"<p>Datenschutzerkl\u00e4rung MBS Fotografie behandelt personenbezogene Daten vertraulich und gem\u00e4\u00df den gesetzlichen Datenschutzbestimmungen, d.h. im Einklang mit der EU-DSGVO und dem BDSG. Eine Nutzung unserer Internetseiten &hellip;<\/p>\n","protected":false},"author":1,"featured_media":0,"parent":0,"menu_order":0,"comment_status":"closed","ping_status":"closed","template":"","meta":{"footnotes":""},"class_list":["post-3","page","type-page","status-publish","hentry"],"_links":{"self":[{"href":"https:\/\/mbseidel.de\/index.php?rest_route=\/wp\/v2\/pages\/3","targetHints":{"allow":["GET"]}}],"collection":[{"href":"https:\/\/mbseidel.de\/index.php?rest_route=\/wp\/v2\/pages"}],"about":[{"href":"https:\/\/mbseidel.de\/index.php?rest_route=\/wp\/v2\/types\/page"}],"author":[{"embeddable":true,"href":"https:\/\/mbseidel.de\/index.php?rest_route=\/wp\/v2\/users\/1"}],"replies":[{"embeddable":true,"href":"https:\/\/mbseidel.de\/index.php?rest_route=%2Fwp%2Fv2%2Fcomments&post=3"}],"version-history":[{"count":2,"href":"https:\/\/mbseidel.de\/index.php?rest_route=\/wp\/v2\/pages\/3\/revisions"}],"predecessor-version":[{"id":19,"href":"https:\/\/mbseidel.de\/index.php?rest_route=\/wp\/v2\/pages\/3\/revisions\/19"}],"wp:attachment":[{"href":"https:\/\/mbseidel.de\/index.php?rest_route=%2Fwp%2Fv2%2Fmedia&parent=3"}],"curies":[{"name":"wp","href":"https:\/\/api.w.org\/{rel}","templated":true}]}}